{"id":431,"date":"2022-06-20T10:45:26","date_gmt":"2022-06-20T15:45:26","guid":{"rendered":"http:\/\/fitzwilliam-insurance.three.zysites.com\/about-us\/"},"modified":"2023-12-15T09:26:19","modified_gmt":"2023-12-15T15:26:19","slug":"about-us","status":"publish","type":"page","link":"https:\/\/www.fitzwilliaminsurance.com\/es\/about-us\/","title":{"rendered":"Acerca de nosotros"},"content":{"rendered":"<p>Fitzwilliam Insurance Services, LLC fue fundada en 1992 por Kathleen Fitzwilliam y desde entonces se ha convertido en una de las agencias de seguros independientes l\u00edderes en el \u00e1rea de Nueva Orleans con un personal biling\u00fce comprometido a servir a nuestra creciente comunidad hispana. Como agencia de seguros de servicio completo, brindamos una gama completa de protecci\u00f3n asequible para su autom\u00f3vil, hogar y negocio, as\u00ed como seguros m\u00e9dicos y de vida para usted y su familia.<\/p>\n<p>Nuestro personal de profesionales de seguros experimentados est\u00e1 comprometido con el m\u00e1s alto nivel de servicio personalizado para todos y cada uno de los clientes. Para obtener una cotizaci\u00f3n de seguro r\u00e1pida y gratuita, ll\u00e1menos al 504-469-9416, utilice uno de los formularios de solicitud de cotizaci\u00f3n f\u00e1ciles de usar de nuestro sitio web o vis\u00edtenos en nuestra oficina. Convenientemente ubicado en Williams Blvd. entre la Interestatal 10 y W. Esplanade en Kenner, nuestra oficina tiene una ubicaci\u00f3n central para atender a las familias y empresas de toda el \u00e1rea metropolitana de Nueva Orleans.<\/p>\n","protected":false},"excerpt":{"rendered":"<p>Fitzwilliam Insurance Services, LLC fue fundada en 1992 por Kathleen Fitzwilliam y desde entonces se ha convertido en una de las agencias de seguros independientes l\u00edderes en el \u00e1rea de Nueva Orleans con un personal biling\u00fce comprometido a servir a nuestra creciente comunidad hispana. Como agencia de seguros de servicio completo, brindamos una gama completa [&hellip;]<\/p>\n","protected":false},"author":35,"featured_media":0,"parent":0,"menu_order":0,"comment_status":"closed","ping_status":"closed","template":"","meta":{"_acf_changed":false,"_seopress_robots_primary_cat":null,"_seopress_titles_title":"","_seopress_titles_desc":"","_seopress_robots_index":"","_analytify_skip_tracking":false,"footnotes":""},"class_list":["post-431","page","type-page","status-publish","hentry"],"acf":[],"_links":{"self":[{"href":"https:\/\/www.fitzwilliaminsurance.com\/es\/wp-json\/wp\/v2\/pages\/431","targetHints":{"allow":["GET"]}}],"collection":[{"href":"https:\/\/www.fitzwilliaminsurance.com\/es\/wp-json\/wp\/v2\/pages"}],"about":[{"href":"https:\/\/www.fitzwilliaminsurance.com\/es\/wp-json\/wp\/v2\/types\/page"}],"author":[{"embeddable":true,"href":"https:\/\/www.fitzwilliaminsurance.com\/es\/wp-json\/wp\/v2\/users\/35"}],"replies":[{"embeddable":true,"href":"https:\/\/www.fitzwilliaminsurance.com\/es\/wp-json\/wp\/v2\/comments?post=431"}],"version-history":[{"count":0,"href":"https:\/\/www.fitzwilliaminsurance.com\/es\/wp-json\/wp\/v2\/pages\/431\/revisions"}],"wp:attachment":[{"href":"https:\/\/www.fitzwilliaminsurance.com\/es\/wp-json\/wp\/v2\/media?parent=431"}],"curies":[{"name":"wp","href":"https:\/\/api.w.org\/{rel}","templated":true}]}}